{"id":796,"date":"2021-01-27T11:50:32","date_gmt":"2021-01-27T10:50:32","guid":{"rendered":"https:\/\/gaspard-lonchampt.students-laplateforme.io\/?post_type=product&#038;p=796"},"modified":"2021-01-27T11:50:32","modified_gmt":"2021-01-27T10:50:32","slug":"tote-bag-bateau-louche","status":"publish","type":"product","link":"https:\/\/gaspard-lonchampt.students-laplateforme.io\/cms\/boutique\/tote-bag\/tote-bag-bateau-louche\/","title":{"rendered":"Tote-Bag Bateau Louche"},"content":{"rendered":"<p>Tote-bag \u00e0 l&rsquo;effigie du Bateau Louche, portez le fi\u00e8rement mais attention \u00e0 ne pas prendre un boulard.<\/p>\n","protected":false},"excerpt":{"rendered":"<p>Tote-bag \u00e0 l&rsquo;effigie du Bateau Louche.<\/p>\n","protected":false},"featured_media":1040,"comment_status":"open","ping_status":"closed","template":"","meta":[],"_links":{"self":[{"href":"https:\/\/gaspard-lonchampt.students-laplateforme.io\/cms\/wp-json\/wp\/v2\/product\/796"}],"collection":[{"href":"https:\/\/gaspard-lonchampt.students-laplateforme.io\/cms\/wp-json\/wp\/v2\/product"}],"about":[{"href":"https:\/\/gaspard-lonchampt.students-laplateforme.io\/cms\/wp-json\/wp\/v2\/types\/product"}],"replies":[{"embeddable":true,"href":"https:\/\/gaspard-lonchampt.students-laplateforme.io\/cms\/wp-json\/wp\/v2\/comments?post=796"}],"version-history":[{"count":0,"href":"https:\/\/gaspard-lonchampt.students-laplateforme.io\/cms\/wp-json\/wp\/v2\/product\/796\/revisions"}],"wp:featuredmedia":[{"embeddable":true,"href":"https:\/\/gaspard-lonchampt.students-laplateforme.io\/cms\/wp-json\/wp\/v2\/media\/1040"}],"wp:attachment":[{"href":"https:\/\/gaspard-lonchampt.students-laplateforme.io\/cms\/wp-json\/wp\/v2\/media?parent=796"}],"curies":[{"name":"wp","href":"https:\/\/api.w.org\/{rel}","templated":true}]}}