{"id":1046,"date":"2021-01-27T11:50:46","date_gmt":"2021-01-27T10:50:46","guid":{"rendered":"https:\/\/gaspard-lonchampt.students-laplateforme.io\/?post_type=product&#038;p=1046"},"modified":"2021-01-27T11:57:45","modified_gmt":"2021-01-27T10:57:45","slug":"tote-bag-studio-louche","status":"publish","type":"product","link":"https:\/\/gaspard-lonchampt.students-laplateforme.io\/cms\/boutique\/tote-bag\/tote-bag-studio-louche\/","title":{"rendered":"Tote-Bag Studio Louche"},"content":{"rendered":"<p>Tote-bag \u00e0 l&rsquo;effigie du Studio Louche, portez le fi\u00e8rement mais attention \u00e0 ne pas prendre un boulard.<\/p>\n","protected":false},"excerpt":{"rendered":"<p>Tote-bag \u00e0 l&rsquo;effigie du Studio Louche.<\/p>\n","protected":false},"featured_media":1054,"comment_status":"open","ping_status":"closed","template":"","meta":[],"_links":{"self":[{"href":"https:\/\/gaspard-lonchampt.students-laplateforme.io\/cms\/wp-json\/wp\/v2\/product\/1046"}],"collection":[{"href":"https:\/\/gaspard-lonchampt.students-laplateforme.io\/cms\/wp-json\/wp\/v2\/product"}],"about":[{"href":"https:\/\/gaspard-lonchampt.students-laplateforme.io\/cms\/wp-json\/wp\/v2\/types\/product"}],"replies":[{"embeddable":true,"href":"https:\/\/gaspard-lonchampt.students-laplateforme.io\/cms\/wp-json\/wp\/v2\/comments?post=1046"}],"version-history":[{"count":0,"href":"https:\/\/gaspard-lonchampt.students-laplateforme.io\/cms\/wp-json\/wp\/v2\/product\/1046\/revisions"}],"wp:featuredmedia":[{"embeddable":true,"href":"https:\/\/gaspard-lonchampt.students-laplateforme.io\/cms\/wp-json\/wp\/v2\/media\/1054"}],"wp:attachment":[{"href":"https:\/\/gaspard-lonchampt.students-laplateforme.io\/cms\/wp-json\/wp\/v2\/media?parent=1046"}],"curies":[{"name":"wp","href":"https:\/\/api.w.org\/{rel}","templated":true}]}}