{"id":2,"date":"2021-01-19T10:54:16","date_gmt":"2021-01-19T09:54:16","guid":{"rendered":"https:\/\/gaspard-lonchampt.students-laplateforme.io\/?page_id=2"},"modified":"2021-01-26T17:25:48","modified_gmt":"2021-01-26T16:25:48","slug":"page-d-exemple","status":"publish","type":"page","link":"https:\/\/gaspard-lonchampt.students-laplateforme.io\/cms\/page-d-exemple\/","title":{"rendered":"A propos"},"content":{"rendered":"<p dir=\"ltr\" style=\"line-height: 1.38; text-align: justify; margin-top: 0pt; margin-bottom: 0pt;\">Le Bateau Louche prend la forme d\u2019une association en 2013, il regroupe \u00e0 l\u2019origine des jeunes artistes bretons issus de diff\u00e9rentes sp\u00e9cialit\u00e9s du monde du spectacle : musique, art plastique, sc\u00e9nographie, vid\u00e9o mapping, mod\u00e9lisation 3D, cr\u00e9ation son et lumi\u00e8re mais aussi de l\u2019artisanat: menuiserie, machinerie-construction, charpenterie navale.<\/p>\n<p dir=\"ltr\" style=\"line-height: 1.38; text-align: justify; margin-top: 0pt; margin-bottom: 0pt;\">\u00a0<\/p>\n<p dir=\"ltr\" style=\"line-height: 1.38; text-align: justify; margin-top: 0pt; margin-bottom: 0pt;\">Depuis 2019 le Bateau Louche s&rsquo;est lanc\u00e9 dans un nouveau projet, la construction d&rsquo;un studio d&rsquo;enregistrement et de mixage dans un container situ\u00e9 id\u00e9alement au bord de l&rsquo;eau : le Studio Louche.<\/p>\n<figure class=\"gallery-item\"><\/figure>\n\n\n<div style=\"height:100px\" aria-hidden=\"true\" class=\"wp-block-spacer\"><\/div>\n\n\n\n<figure class=\"wp-block-gallery columns-3 is-cropped\"><ul class=\"blocks-gallery-grid\"><li class=\"blocks-gallery-item\"><figure><img loading=\"lazy\" width=\"1024\" height=\"768\" src=\"https:\/\/gaspard-lonchampt.students-laplateforme.io\/wp-content\/uploads\/2021\/01\/IMG_1574-1024x768.jpeg\" alt=\"\" data-id=\"1023\" data-link=\"https:\/\/gaspard-lonchampt.students-laplateforme.io\/page-d-exemple\/img_1574\/\" class=\"wp-image-1023\" srcset=\"https:\/\/gaspard-lonchampt.students-laplateforme.io\/cms\/wp-content\/uploads\/2021\/01\/IMG_1574-1024x768.jpeg 1024w, https:\/\/gaspard-lonchampt.students-laplateforme.io\/cms\/wp-content\/uploads\/2021\/01\/IMG_1574-300x225.jpeg 300w, https:\/\/gaspard-lonchampt.students-laplateforme.io\/cms\/wp-content\/uploads\/2021\/01\/IMG_1574-768x576.jpeg 768w, https:\/\/gaspard-lonchampt.students-laplateforme.io\/cms\/wp-content\/uploads\/2021\/01\/IMG_1574-1536x1152.jpeg 1536w, https:\/\/gaspard-lonchampt.students-laplateforme.io\/cms\/wp-content\/uploads\/2021\/01\/IMG_1574-2048x1536.jpeg 2048w, https:\/\/gaspard-lonchampt.students-laplateforme.io\/cms\/wp-content\/uploads\/2021\/01\/IMG_1574-416x312.jpeg 416w, https:\/\/gaspard-lonchampt.students-laplateforme.io\/cms\/wp-content\/uploads\/2021\/01\/IMG_1574-scaled.jpeg 1600w\" sizes=\"(max-width: 1024px) 100vw, 1024px\" \/><\/figure><\/li><li class=\"blocks-gallery-item\"><figure><img loading=\"lazy\" width=\"768\" height=\"1024\" src=\"https:\/\/gaspard-lonchampt.students-laplateforme.io\/wp-content\/uploads\/2021\/01\/IMG_1792-768x1024.jpeg\" alt=\"\" data-id=\"1022\" data-link=\"https:\/\/gaspard-lonchampt.students-laplateforme.io\/page-d-exemple\/img_1792\/\" class=\"wp-image-1022\" srcset=\"https:\/\/gaspard-lonchampt.students-laplateforme.io\/cms\/wp-content\/uploads\/2021\/01\/IMG_1792-768x1024.jpeg 768w, https:\/\/gaspard-lonchampt.students-laplateforme.io\/cms\/wp-content\/uploads\/2021\/01\/IMG_1792-225x300.jpeg 225w, https:\/\/gaspard-lonchampt.students-laplateforme.io\/cms\/wp-content\/uploads\/2021\/01\/IMG_1792-1152x1536.jpeg 1152w, https:\/\/gaspard-lonchampt.students-laplateforme.io\/cms\/wp-content\/uploads\/2021\/01\/IMG_1792-1536x2048.jpeg 1536w, https:\/\/gaspard-lonchampt.students-laplateforme.io\/cms\/wp-content\/uploads\/2021\/01\/IMG_1792-416x555.jpeg 416w, https:\/\/gaspard-lonchampt.students-laplateforme.io\/cms\/wp-content\/uploads\/2021\/01\/IMG_1792-scaled.jpeg 1200w\" sizes=\"(max-width: 768px) 100vw, 768px\" \/><\/figure><\/li><li class=\"blocks-gallery-item\"><figure><img loading=\"lazy\" width=\"768\" height=\"1024\" src=\"https:\/\/gaspard-lonchampt.students-laplateforme.io\/wp-content\/uploads\/2021\/01\/IMG_1851-768x1024.jpeg\" alt=\"\" data-id=\"1021\" data-link=\"https:\/\/gaspard-lonchampt.students-laplateforme.io\/page-d-exemple\/img_1851\/\" class=\"wp-image-1021\" srcset=\"https:\/\/gaspard-lonchampt.students-laplateforme.io\/cms\/wp-content\/uploads\/2021\/01\/IMG_1851-768x1024.jpeg 768w, https:\/\/gaspard-lonchampt.students-laplateforme.io\/cms\/wp-content\/uploads\/2021\/01\/IMG_1851-225x300.jpeg 225w, https:\/\/gaspard-lonchampt.students-laplateforme.io\/cms\/wp-content\/uploads\/2021\/01\/IMG_1851-1152x1536.jpeg 1152w, https:\/\/gaspard-lonchampt.students-laplateforme.io\/cms\/wp-content\/uploads\/2021\/01\/IMG_1851-1536x2048.jpeg 1536w, https:\/\/gaspard-lonchampt.students-laplateforme.io\/cms\/wp-content\/uploads\/2021\/01\/IMG_1851-416x555.jpeg 416w, https:\/\/gaspard-lonchampt.students-laplateforme.io\/cms\/wp-content\/uploads\/2021\/01\/IMG_1851-scaled.jpeg 1200w\" sizes=\"(max-width: 768px) 100vw, 768px\" \/><\/figure><\/li><li class=\"blocks-gallery-item\"><figure><img loading=\"lazy\" width=\"768\" height=\"1024\" src=\"https:\/\/gaspard-lonchampt.students-laplateforme.io\/wp-content\/uploads\/2021\/01\/IMG_1878-768x1024.jpeg\" alt=\"\" data-id=\"1020\" data-link=\"https:\/\/gaspard-lonchampt.students-laplateforme.io\/page-d-exemple\/img_1878\/\" class=\"wp-image-1020\" srcset=\"https:\/\/gaspard-lonchampt.students-laplateforme.io\/cms\/wp-content\/uploads\/2021\/01\/IMG_1878-768x1024.jpeg 768w, https:\/\/gaspard-lonchampt.students-laplateforme.io\/cms\/wp-content\/uploads\/2021\/01\/IMG_1878-225x300.jpeg 225w, https:\/\/gaspard-lonchampt.students-laplateforme.io\/cms\/wp-content\/uploads\/2021\/01\/IMG_1878-1152x1536.jpeg 1152w, https:\/\/gaspard-lonchampt.students-laplateforme.io\/cms\/wp-content\/uploads\/2021\/01\/IMG_1878-1536x2048.jpeg 1536w, https:\/\/gaspard-lonchampt.students-laplateforme.io\/cms\/wp-content\/uploads\/2021\/01\/IMG_1878-416x555.jpeg 416w, https:\/\/gaspard-lonchampt.students-laplateforme.io\/cms\/wp-content\/uploads\/2021\/01\/IMG_1878-scaled.jpeg 1200w\" sizes=\"(max-width: 768px) 100vw, 768px\" \/><\/figure><\/li><li class=\"blocks-gallery-item\"><figure><img loading=\"lazy\" width=\"768\" height=\"1024\" src=\"https:\/\/gaspard-lonchampt.students-laplateforme.io\/wp-content\/uploads\/2021\/01\/IMG_2104-768x1024.jpeg\" alt=\"\" data-id=\"1032\" data-full-url=\"https:\/\/gaspard-lonchampt.students-laplateforme.io\/wp-content\/uploads\/2021\/01\/IMG_2104-scaled.jpeg\" data-link=\"https:\/\/gaspard-lonchampt.students-laplateforme.io\/page-d-exemple\/img_2104\/\" class=\"wp-image-1032\" srcset=\"https:\/\/gaspard-lonchampt.students-laplateforme.io\/cms\/wp-content\/uploads\/2021\/01\/IMG_2104-768x1024.jpeg 768w, https:\/\/gaspard-lonchampt.students-laplateforme.io\/cms\/wp-content\/uploads\/2021\/01\/IMG_2104-225x300.jpeg 225w, https:\/\/gaspard-lonchampt.students-laplateforme.io\/cms\/wp-content\/uploads\/2021\/01\/IMG_2104-1152x1536.jpeg 1152w, https:\/\/gaspard-lonchampt.students-laplateforme.io\/cms\/wp-content\/uploads\/2021\/01\/IMG_2104-1536x2048.jpeg 1536w, https:\/\/gaspard-lonchampt.students-laplateforme.io\/cms\/wp-content\/uploads\/2021\/01\/IMG_2104-416x555.jpeg 416w, https:\/\/gaspard-lonchampt.students-laplateforme.io\/cms\/wp-content\/uploads\/2021\/01\/IMG_2104-scaled.jpeg 1200w\" sizes=\"(max-width: 768px) 100vw, 768px\" \/><\/figure><\/li><li class=\"blocks-gallery-item\"><figure><img loading=\"lazy\" width=\"768\" height=\"1024\" src=\"https:\/\/gaspard-lonchampt.students-laplateforme.io\/wp-content\/uploads\/2021\/01\/IMG_2108-768x1024.jpeg\" alt=\"\" data-id=\"1018\" data-link=\"https:\/\/gaspard-lonchampt.students-laplateforme.io\/page-d-exemple\/img_2108\/\" class=\"wp-image-1018\" srcset=\"https:\/\/gaspard-lonchampt.students-laplateforme.io\/cms\/wp-content\/uploads\/2021\/01\/IMG_2108-768x1024.jpeg 768w, https:\/\/gaspard-lonchampt.students-laplateforme.io\/cms\/wp-content\/uploads\/2021\/01\/IMG_2108-225x300.jpeg 225w, https:\/\/gaspard-lonchampt.students-laplateforme.io\/cms\/wp-content\/uploads\/2021\/01\/IMG_2108-1152x1536.jpeg 1152w, https:\/\/gaspard-lonchampt.students-laplateforme.io\/cms\/wp-content\/uploads\/2021\/01\/IMG_2108-1536x2048.jpeg 1536w, https:\/\/gaspard-lonchampt.students-laplateforme.io\/cms\/wp-content\/uploads\/2021\/01\/IMG_2108-416x555.jpeg 416w, https:\/\/gaspard-lonchampt.students-laplateforme.io\/cms\/wp-content\/uploads\/2021\/01\/IMG_2108-scaled.jpeg 1200w\" sizes=\"(max-width: 768px) 100vw, 768px\" \/><\/figure><\/li><li class=\"blocks-gallery-item\"><figure><img loading=\"lazy\" width=\"768\" height=\"1024\" src=\"https:\/\/gaspard-lonchampt.students-laplateforme.io\/wp-content\/uploads\/2021\/01\/IMG_2027-768x1024.jpeg\" alt=\"\" data-id=\"1019\" data-link=\"https:\/\/gaspard-lonchampt.students-laplateforme.io\/page-d-exemple\/img_2027\/\" class=\"wp-image-1019\" srcset=\"https:\/\/gaspard-lonchampt.students-laplateforme.io\/cms\/wp-content\/uploads\/2021\/01\/IMG_2027-768x1024.jpeg 768w, https:\/\/gaspard-lonchampt.students-laplateforme.io\/cms\/wp-content\/uploads\/2021\/01\/IMG_2027-225x300.jpeg 225w, https:\/\/gaspard-lonchampt.students-laplateforme.io\/cms\/wp-content\/uploads\/2021\/01\/IMG_2027-1152x1536.jpeg 1152w, https:\/\/gaspard-lonchampt.students-laplateforme.io\/cms\/wp-content\/uploads\/2021\/01\/IMG_2027-1536x2048.jpeg 1536w, https:\/\/gaspard-lonchampt.students-laplateforme.io\/cms\/wp-content\/uploads\/2021\/01\/IMG_2027-416x555.jpeg 416w, https:\/\/gaspard-lonchampt.students-laplateforme.io\/cms\/wp-content\/uploads\/2021\/01\/IMG_2027-scaled.jpeg 1200w\" sizes=\"(max-width: 768px) 100vw, 768px\" \/><\/figure><\/li><li class=\"blocks-gallery-item\"><figure><img loading=\"lazy\" width=\"1024\" height=\"768\" src=\"https:\/\/gaspard-lonchampt.students-laplateforme.io\/wp-content\/uploads\/2021\/01\/IMG_2267-1-1024x768.jpeg\" alt=\"\" data-id=\"1031\" data-full-url=\"https:\/\/gaspard-lonchampt.students-laplateforme.io\/wp-content\/uploads\/2021\/01\/IMG_2267-1-scaled.jpeg\" data-link=\"https:\/\/gaspard-lonchampt.students-laplateforme.io\/page-d-exemple\/img_2267-1\/\" class=\"wp-image-1031\" srcset=\"https:\/\/gaspard-lonchampt.students-laplateforme.io\/cms\/wp-content\/uploads\/2021\/01\/IMG_2267-1-1024x768.jpeg 1024w, https:\/\/gaspard-lonchampt.students-laplateforme.io\/cms\/wp-content\/uploads\/2021\/01\/IMG_2267-1-300x225.jpeg 300w, https:\/\/gaspard-lonchampt.students-laplateforme.io\/cms\/wp-content\/uploads\/2021\/01\/IMG_2267-1-768x576.jpeg 768w, https:\/\/gaspard-lonchampt.students-laplateforme.io\/cms\/wp-content\/uploads\/2021\/01\/IMG_2267-1-1536x1152.jpeg 1536w, https:\/\/gaspard-lonchampt.students-laplateforme.io\/cms\/wp-content\/uploads\/2021\/01\/IMG_2267-1-2048x1536.jpeg 2048w, https:\/\/gaspard-lonchampt.students-laplateforme.io\/cms\/wp-content\/uploads\/2021\/01\/IMG_2267-1-416x312.jpeg 416w, https:\/\/gaspard-lonchampt.students-laplateforme.io\/cms\/wp-content\/uploads\/2021\/01\/IMG_2267-1-scaled.jpeg 1600w\" sizes=\"(max-width: 1024px) 100vw, 1024px\" \/><\/figure><\/li><li class=\"blocks-gallery-item\"><figure><img loading=\"lazy\" width=\"1024\" height=\"768\" src=\"https:\/\/gaspard-lonchampt.students-laplateforme.io\/wp-content\/uploads\/2021\/01\/IMG_2038-1024x768.jpeg\" alt=\"\" data-id=\"1033\" data-full-url=\"https:\/\/gaspard-lonchampt.students-laplateforme.io\/wp-content\/uploads\/2021\/01\/IMG_2038-scaled.jpeg\" data-link=\"https:\/\/gaspard-lonchampt.students-laplateforme.io\/page-d-exemple\/img_2038\/\" class=\"wp-image-1033\" srcset=\"https:\/\/gaspard-lonchampt.students-laplateforme.io\/cms\/wp-content\/uploads\/2021\/01\/IMG_2038-1024x768.jpeg 1024w, https:\/\/gaspard-lonchampt.students-laplateforme.io\/cms\/wp-content\/uploads\/2021\/01\/IMG_2038-300x225.jpeg 300w, https:\/\/gaspard-lonchampt.students-laplateforme.io\/cms\/wp-content\/uploads\/2021\/01\/IMG_2038-768x576.jpeg 768w, https:\/\/gaspard-lonchampt.students-laplateforme.io\/cms\/wp-content\/uploads\/2021\/01\/IMG_2038-1536x1152.jpeg 1536w, https:\/\/gaspard-lonchampt.students-laplateforme.io\/cms\/wp-content\/uploads\/2021\/01\/IMG_2038-2048x1536.jpeg 2048w, https:\/\/gaspard-lonchampt.students-laplateforme.io\/cms\/wp-content\/uploads\/2021\/01\/IMG_2038-416x312.jpeg 416w, https:\/\/gaspard-lonchampt.students-laplateforme.io\/cms\/wp-content\/uploads\/2021\/01\/IMG_2038-scaled.jpeg 1600w\" sizes=\"(max-width: 1024px) 100vw, 1024px\" \/><\/figure><\/li><\/ul><\/figure>\n","protected":false},"excerpt":{"rendered":"<p>Le Bateau Louche prend la forme d\u2019une association en 2013, il regroupe \u00e0 l\u2019origine des jeunes artistes bretons issus de diff\u00e9rentes sp\u00e9cialit\u00e9s du monde du spectacle : musique, art plastique, sc\u00e9nographie, vid\u00e9o mapping, mod\u00e9lisation 3D, cr\u00e9ation son et lumi\u00e8re mais aussi de l\u2019artisanat: menuiserie, machinerie-construction, charpenterie navale. \u00a0 Depuis 2019 le Bateau Louche s&rsquo;est lanc\u00e9 [&hellip;]<\/p>\n","protected":false},"author":1,"featured_media":0,"parent":0,"menu_order":0,"comment_status":"closed","ping_status":"open","template":"","meta":[],"_links":{"self":[{"href":"https:\/\/gaspard-lonchampt.students-laplateforme.io\/cms\/wp-json\/wp\/v2\/pages\/2"}],"collection":[{"href":"https:\/\/gaspard-lonchampt.students-laplateforme.io\/cms\/wp-json\/wp\/v2\/pages"}],"about":[{"href":"https:\/\/gaspard-lonchampt.students-laplateforme.io\/cms\/wp-json\/wp\/v2\/types\/page"}],"author":[{"embeddable":true,"href":"https:\/\/gaspard-lonchampt.students-laplateforme.io\/cms\/wp-json\/wp\/v2\/users\/1"}],"replies":[{"embeddable":true,"href":"https:\/\/gaspard-lonchampt.students-laplateforme.io\/cms\/wp-json\/wp\/v2\/comments?post=2"}],"version-history":[{"count":0,"href":"https:\/\/gaspard-lonchampt.students-laplateforme.io\/cms\/wp-json\/wp\/v2\/pages\/2\/revisions"}],"wp:attachment":[{"href":"https:\/\/gaspard-lonchampt.students-laplateforme.io\/cms\/wp-json\/wp\/v2\/media?parent=2"}],"curies":[{"name":"wp","href":"https:\/\/api.w.org\/{rel}","templated":true}]}}